{"id":3,"date":"2026-01-23T22:28:30","date_gmt":"2026-01-23T22:28:30","guid":{"rendered":"http:\/\/lucianolimadigital.com\/?page_id=3"},"modified":"2026-02-15T10:23:28","modified_gmt":"2026-02-15T13:23:28","slug":"politica-de-privacidade","status":"publish","type":"page","link":"https:\/\/lucianolimadigital.com\/en\/politica-de-privacidade\/","title":{"rendered":"Privacy Policy"},"content":{"rendered":"<div data-elementor-type=\"wp-page\" data-elementor-id=\"3\" class=\"elementor elementor-3\">\n\t\t\t\t<div class=\"elementor-element elementor-element-3b49e124 e-flex e-con-boxed wpr-particle-no wpr-jarallax-no wpr-parallax-no wpr-sticky-section-no wpr-equal-height-no e-con e-parent\" data-id=\"3b49e124\" data-element_type=\"container\" data-e-type=\"container\">\n\t\t\t\t\t<div class=\"e-con-inner\">\n\t\t\t\t<div class=\"elementor-element elementor-element-38754110 elementor-widget elementor-widget-text-editor\" data-id=\"38754110\" data-element_type=\"widget\" data-e-type=\"widget\" data-widget_type=\"text-editor.default\">\n\t\t\t\t\t\t\t\t\t<p><span style=\"color: #e3e3e3;\"><\/span><\/p>\n<h2 class=\"wp-block-heading\" style=\"text-align: center;\"><span style=\"color: #ff9900;\">Privacy Policy<\/span><\/h2>\n<p><span style=\"color: #e3e3e3;\"><\/span><\/p>\n<p style=\"text-align: center;\"><span style=\"color: #e3e3e3;\">Last updated: 2026<\/span><\/p>\n<p data-path-to-node=\"5\">Your privacy is important to me. It is <b data-path-to-node=\"5\" data-index-in-node=\"55\">Luciano Lima Digital's<\/b> policy to respect your privacy regarding any information I may collect on the site <a class=\"ng-star-inserted\" href=\"https:\/\/lucianolimadigital.com\/en\/\" target=\"_blank\" rel=\"noopener\" data-hveid=\"0\" data-ved=\"0CAAQ_4QMahgKEwi0koetn9qSAxUAAAAAHQAAAAAQsAE\">lucianolimadigital.com<\/a> and other sites I own and operate.<\/p>\n<h3 data-path-to-node=\"6\">1. Information I Collect<\/h3>\n<p data-path-to-node=\"7\">I only ask for personal information when I truly need it to provide a service to you. I do so by fair and lawful means, with your knowledge and consent. I also let you know why I am collecting it and how it will be used.<\/p>\n<p data-path-to-node=\"8\">I only retain collected information for as long as necessary to provide the requested service. When I store data, I protect it within commercially acceptable means to prevent loss and theft, as well as unauthorized access, disclosure, copying, use, or modification.<\/p>\n<h3 data-path-to-node=\"9\">2. Data Sharing<\/h3>\n<p data-path-to-node=\"10\">I do not share personally identifying information publicly or with third parties, except when required by law.<\/p>\n<h3 data-path-to-node=\"11\">3. Cookies and Tracking Technologies<\/h3>\n<p data-path-to-node=\"12\">As a Digital Marketing and Traffic professional, this site uses third-party cookies and pixels (such as Google Analytics, Google Ads, and Meta Ads) to improve your experience and analyze the performance of my campaigns.<\/p>\n<ul data-path-to-node=\"13\">\n<li>\n<p data-path-to-node=\"13,0,0\"><b data-path-to-node=\"13,0,0\" data-index-in-node=\"0\">Advertising Cookies:<\/b> These cookies collect information to help tailor advertising to your interests. They remember that you have visited my site and share this information with other organizations, such as advertisers.<\/p>\n<\/li>\n<\/ul>\n<p data-path-to-node=\"14\">You are free to refuse my request for your personal information, with the understanding that I may be unable to provide you with some of your desired services.<\/p>\n<h3 data-path-to-node=\"15\">4. User Commitment<\/h3>\n<p data-path-to-node=\"16\">The user commits to making proper use of the contents and information that Luciano Lima Digital offers on the site and with an enunciative, but not limiting character:<\/p>\n<p data-path-to-node=\"17\">A) Not engaging in activities that are illegal or contrary to good faith and public order;\nB) Not spreading propaganda or content of a racist, xenophobic, or gambling nature, any type of illegal pornography, apology to terrorism, or against human rights;\nC) Not causing damage to the physical (hardware) and logical (software) systems of Luciano Lima Digital, its suppliers, or third parties.<\/p>\n<h3 data-path-to-node=\"18\">5. More Information<\/h3>\n<p data-path-to-node=\"19\">I hope this is clear, and as mentioned before, if there is something that you aren't sure whether you need or not, it's usually safer to leave cookies enabled in case you interact with one of the features you use on my site.<\/p>\n<p data-path-to-node=\"20\">For data contact purposes, the controller is: <b data-path-to-node=\"20\" data-index-in-node=\"56\">Luciano Lima | CNPJ: 26.951.029\/0001-42<\/b> Contact email: <b data-path-to-node=\"20\" data-index-in-node=\"117\">lucianolimadigital@gmail.com<\/b><\/p>\t\t\t\t\t\t\t\t<\/div>\n\t\t\t\t\t<\/div>\n\t\t\t\t<\/div>\n\t\t\t\t<\/div>","protected":false},"excerpt":{"rendered":"<p>Pol\u00edtica de Privacidade \u00daltima atualiza\u00e7\u00e3o: 2026 A sua privacidade \u00e9 importante para mim. \u00c9 pol\u00edtica do Luciano Lima Digital respeitar a sua privacidade em rela\u00e7\u00e3o a qualquer informa\u00e7\u00e3o sua que eu possa coletar no site lucianolimadigital.com e outros sites que possuo e opero. 1. Informa\u00e7\u00f5es que coleto Solicito informa\u00e7\u00f5es pessoais apenas quando realmente preciso delas para lhe fornecer um servi\u00e7o. Fa\u00e7o isso por meios justos e legais, com o seu conhecimento e consentimento. Tamb\u00e9m informo por que estou coletando e como isso ser\u00e1 usado. Apenas retenho as informa\u00e7\u00f5es coletadas pelo tempo necess\u00e1rio para fornecer o servi\u00e7o solicitado. Quando armazeno dados, protejo dentro de meios comercialmente aceit\u00e1veis para evitar perdas e roubos, bem como acesso, divulga\u00e7\u00e3o, c\u00f3pia, uso ou modifica\u00e7\u00e3o n\u00e3o autorizados. 2. Compartilhamento de Dados N\u00e3o compartilho informa\u00e7\u00f5es de identifica\u00e7\u00e3o pessoal publicamente ou com terceiros, exceto quando exigido por lei. 3. Cookies e Tecnologias de Rastreamento Como profissional de Marketing Digital e Tr\u00e1fego, este site utiliza cookies e pixels de terceiros (como Google Analytics, Google Ads e Meta Ads) para melhorar sua experi\u00eancia e analisar o desempenho das minhas campanhas. Cookies de Publicidade: Esses cookies coletam informa\u00e7\u00f5es para ajudar a adaptar a publicidade aos seus interesses. Eles lembram que voc\u00ea visitou meu site e compartilham essas informa\u00e7\u00f5es com outras organiza\u00e7\u00f5es, como anunciantes parceiros. Voc\u00ea \u00e9 livre para recusar a minha solicita\u00e7\u00e3o de informa\u00e7\u00f5es pessoais, entendendo que talvez eu n\u00e3o possa fornecer alguns dos servi\u00e7os desejados. 4. Compromisso do Usu\u00e1rio O usu\u00e1rio se compromete a fazer uso adequado dos conte\u00fados e da informa\u00e7\u00e3o que o Luciano Lima Digital oferece no site e com car\u00e1ter enunciativo, mas n\u00e3o limitativo: A) N\u00e3o se envolver em atividades que sejam ilegais ou contr\u00e1rias \u00e0 boa f\u00e9 e \u00e0 ordem p\u00fablica; B) N\u00e3o difundir propaganda ou conte\u00fado de natureza racista, xenof\u00f3bica, ou de azar, qualquer tipo de pornografia ilegal, de apologia ao terrorismo ou contra os direitos humanos; C) N\u00e3o causar danos aos sistemas f\u00edsicos (hardware) e l\u00f3gicos (software) do Luciano Lima Digital, de seus fornecedores ou terceiros. 5. Mais informa\u00e7\u00f5es Espero que esteja esclarecido e, como mencionado anteriormente, se houver algo que voc\u00ea n\u00e3o tem certeza se precisa ou n\u00e3o, geralmente \u00e9 mais seguro deixar os cookies ativados, caso interaja com um dos recursos que voc\u00ea usa em meu site. Para fins de contato sobre seus dados, o controlador \u00e9: Luciano Lima | CNPJ: 26.951.029\/0001-42 E-mail para contato: lucianolimadigital@gmail.com<\/p>","protected":false},"author":1,"featured_media":0,"parent":0,"menu_order":0,"comment_status":"closed","ping_status":"closed","template":"","meta":{"_uag_custom_page_level_css":"","site-sidebar-layout":"default","site-content-layout":"","ast-site-content-layout":"default","site-content-style":"default","site-sidebar-style":"default","ast-global-header-display":"","ast-banner-title-visibility":"","ast-main-header-display":"","ast-hfb-above-header-display":"","ast-hfb-below-header-display":"","ast-hfb-mobile-header-display":"","site-post-title":"","ast-breadcrumbs-content":"","ast-featured-img":"","footer-sml-layout":"","ast-disable-related-posts":"","theme-transparent-header-meta":"","adv-header-id-meta":"","stick-header-meta":"","header-above-stick-meta":"","header-main-stick-meta":"","header-below-stick-meta":"","astra-migrate-meta-layouts":"set","ast-page-background-enabled":"default","ast-page-background-meta":{"desktop":{"background-color":"var(--ast-global-color-5)","background-image":"","background-repeat":"repeat","background-position":"center center","background-size":"auto","background-attachment":"scroll","background-type":"","background-media":"","overlay-type":"","overlay-color":"","overlay-opacity":"","overlay-gradient":""},"tablet":{"background-color":"","background-image":"","background-repeat":"repeat","background-position":"center center","background-size":"auto","background-attachment":"scroll","background-type":"","background-media":"","overlay-type":"","overlay-color":"","overlay-opacity":"","overlay-gradient":""},"mobile":{"background-color":"","background-image":"","background-repeat":"repeat","background-position":"center center","background-size":"auto","background-attachment":"scroll","background-type":"","background-media":"","overlay-type":"","overlay-color":"","overlay-opacity":"","overlay-gradient":""}},"ast-content-background-meta":{"desktop":{"background-color":"var(--ast-global-color-4)","background-image":"","background-repeat":"repeat","background-position":"center center","background-size":"auto","background-attachment":"scroll","background-type":"","background-media":"","overlay-type":"","overlay-color":"","overlay-opacity":"","overlay-gradient":""},"tablet":{"background-color":"var(--ast-global-color-4)","background-image":"","background-repeat":"repeat","background-position":"center center","background-size":"auto","background-attachment":"scroll","background-type":"","background-media":"","overlay-type":"","overlay-color":"","overlay-opacity":"","overlay-gradient":""},"mobile":{"background-color":"var(--ast-global-color-4)","background-image":"","background-repeat":"repeat","background-position":"center center","background-size":"auto","background-attachment":"scroll","background-type":"","background-media":"","overlay-type":"","overlay-color":"","overlay-opacity":"","overlay-gradient":""}},"footnotes":""},"folder":[20],"class_list":["post-3","page","type-page","status-publish","hentry"],"aioseo_notices":[],"_hostinger_reach_plugin_has_subscription_block":false,"_hostinger_reach_plugin_is_elementor":false,"uagb_featured_image_src":{"full":false,"thumbnail":false,"medium":false,"medium_large":false,"large":false,"1536x1536":false,"2048x2048":false,"trp-custom-language-flag":false},"uagb_author_info":{"display_name":"SEM RU\u00cdDO","author_link":"https:\/\/lucianolimadigital.com\/en\/author\/luciano-mdigitalhotmail-com\/"},"uagb_comment_info":0,"uagb_excerpt":"Pol\u00edtica de Privacidade \u00daltima atualiza\u00e7\u00e3o: 2026 A sua privacidade \u00e9 importante para mim. \u00c9 pol\u00edtica do Luciano Lima Digital respeitar a sua privacidade em rela\u00e7\u00e3o a qualquer informa\u00e7\u00e3o sua que eu possa coletar no site lucianolimadigital.com e outros sites que possuo e opero. 1. Informa\u00e7\u00f5es que coleto Solicito informa\u00e7\u00f5es pessoais apenas quando realmente preciso delas&hellip;","_links":{"self":[{"href":"https:\/\/lucianolimadigital.com\/en\/wp-json\/wp\/v2\/pages\/3","targetHints":{"allow":["GET"]}}],"collection":[{"href":"https:\/\/lucianolimadigital.com\/en\/wp-json\/wp\/v2\/pages"}],"about":[{"href":"https:\/\/lucianolimadigital.com\/en\/wp-json\/wp\/v2\/types\/page"}],"author":[{"embeddable":true,"href":"https:\/\/lucianolimadigital.com\/en\/wp-json\/wp\/v2\/users\/1"}],"replies":[{"embeddable":true,"href":"https:\/\/lucianolimadigital.com\/en\/wp-json\/wp\/v2\/comments?post=3"}],"version-history":[{"count":11,"href":"https:\/\/lucianolimadigital.com\/en\/wp-json\/wp\/v2\/pages\/3\/revisions"}],"predecessor-version":[{"id":3252,"href":"https:\/\/lucianolimadigital.com\/en\/wp-json\/wp\/v2\/pages\/3\/revisions\/3252"}],"wp:attachment":[{"href":"https:\/\/lucianolimadigital.com\/en\/wp-json\/wp\/v2\/media?parent=3"}],"wp:term":[{"taxonomy":"folder","embeddable":true,"href":"https:\/\/lucianolimadigital.com\/en\/wp-json\/wp\/v2\/folder?post=3"}],"curies":[{"name":"wp","href":"https:\/\/api.w.org\/{rel}","templated":true}]}}