{"id":2732,"date":"2026-02-06T21:09:00","date_gmt":"2026-02-07T00:09:00","guid":{"rendered":"https:\/\/lucianolimadigital.com\/?page_id=2732"},"modified":"2026-02-15T12:58:11","modified_gmt":"2026-02-15T15:58:11","slug":"termos-de-uso","status":"publish","type":"page","link":"https:\/\/lucianolimadigital.com\/en\/termos-de-uso\/","title":{"rendered":"Terms of Use"},"content":{"rendered":"<div data-elementor-type=\"wp-page\" data-elementor-id=\"2732\" class=\"elementor elementor-2732\">\n\t\t\t\t<div class=\"elementor-element elementor-element-3b49e124 e-flex e-con-boxed wpr-particle-no wpr-jarallax-no wpr-parallax-no wpr-sticky-section-no wpr-equal-height-no e-con e-parent\" data-id=\"3b49e124\" data-element_type=\"container\" data-e-type=\"container\">\n\t\t\t\t\t<div class=\"e-con-inner\">\n\t\t\t\t<div class=\"elementor-element elementor-element-38754110 elementor-widget elementor-widget-text-editor\" data-id=\"38754110\" data-element_type=\"widget\" data-e-type=\"widget\" data-widget_type=\"text-editor.default\">\n\t\t\t\t\t\t\t\t\t\n<h2 class=\"wp-block-heading\" style=\"text-align: center;\"><span style=\"color: #ff9900;\">Terms of Use<\/span><\/h2>\n\n<p style=\"text-align: center;\">Last updated: 2026<\/p>\n\n<h4 class=\"wp-block-heading\" data-path-to-node=\"33\">1. Terms<\/h4>\n<p data-path-to-node=\"34\">By accessing the website <a class=\"ng-star-inserted\" href=\"https:\/\/lucianolimadigital.com\/en\/\" target=\"_blank\" rel=\"noopener\" data-hveid=\"0\" data-ved=\"0CAAQ_4QMahgKEwi0koetn9qSAxUAAAAAHQAAAAAQ2wE\">lucianolimadigital.com<\/a>, you agree to comply with these terms of service, all applicable laws and regulations, and agree that you are responsible for compliance with any applicable local laws. If you do not agree with any of these terms, you are prohibited from using or accessing this site. The materials contained in this website are protected by applicable copyright and trademark law.<\/p>\n<h4 data-path-to-node=\"35\">2. Use License<\/h4>\n<p data-path-to-node=\"36\">Permission is granted to temporarily download one copy of the materials (information or software) on Luciano Lima Digital's website for personal, non-commercial transitory viewing only. This is the grant of a license, not a transfer of title, and under this license, you may not:<\/p>\n<ol start=\"1\" data-path-to-node=\"37\">\n<li>\n<p data-path-to-node=\"37,0,0\">Modify or copy the materials;<\/p>\n<\/li>\n<li>\n<p data-path-to-node=\"37,1,0\">Use the materials for any commercial purpose, or for any public display (commercial or non-commercial);<\/p>\n<\/li>\n<li>\n<p data-path-to-node=\"37,2,0\">Attempt to decompile or reverse engineer any software contained on the Luciano Lima Digital website;<\/p>\n<\/li>\n<li>\n<p data-path-to-node=\"37,3,0\">Remove any copyright or other proprietary notations from the materials; or<\/p>\n<\/li>\n<li>\n<p data-path-to-node=\"37,4,0\">Transfer the materials to another person or \"mirror\" the materials on any other server.<\/p>\n<\/li>\n<\/ol>\n<p data-path-to-node=\"38\">This license shall automatically terminate if you violate any of these restrictions and may be terminated by Luciano Lima Digital at any time.<\/p>\n<h4 data-path-to-node=\"39\">3. Disclaimer (Important)<\/h4>\n<p data-path-to-node=\"40\">The materials on the Luciano Lima Digital website are provided 'as is'. I, Luciano Lima, make no warranties, expressed or implied, and hereby disclaim and negate all other warranties including, without limitation, implied warranties or conditions of merchantability, fitness for a particular purpose, or non-infringement of intellectual property or other violation of rights.<\/p>\n<p data-path-to-node=\"41\">Further, I do not warrant or make any representations concerning the accuracy, likely results, or reliability of the use of the materials on my website or otherwise relating to such materials or on any sites linked to this site.<\/p>\n<p data-path-to-node=\"42\"><b data-path-to-node=\"42\" data-index-in-node=\"0\">About Marketing and Consulting Results:<\/b> When hiring services or consuming Paid Traffic, Consulting, or Digital Strategy content, the user understands that financial and performance results depend on variables outside of Luciano Lima Digital's control (such as the economy, the client's product quality, customer service, and competition). I do not guarantee profit or a specific financial return.<\/p>\n<h4 data-path-to-node=\"43\">4. Limitations<\/h4>\n<p data-path-to-node=\"44\">In no event shall Luciano Lima Digital or its suppliers be liable for any damages (including, without limitation, damages for loss of data or profit, or due to business interruption) arising out of the use or inability to use the materials on Luciano Lima Digital, even if I or an authorized representative have been notified orally or in writing of the possibility of such damage.<\/p>\n<h4 data-path-to-node=\"45\">5. Accuracy of Materials<\/h4>\n<p data-path-to-node=\"46\">The materials appearing on the Luciano Lima Digital website could include technical, typographical, or photographic errors. I do not guarantee that any of the materials on my website are accurate, complete, or current. I may make changes to the materials contained on my website at any time without notice. However, I do not make any commitment to update the materials.<\/p>\n<h4 data-path-to-node=\"47\">6. Links<\/h4>\n<p data-path-to-node=\"48\">I have not reviewed all of the sites linked to my website and am not responsible for the contents of any such linked site. The inclusion of any link does not imply endorsement by Luciano Lima Digital of the site. Use of any such linked website is at the user's own risk.<\/p>\n<h4 data-path-to-node=\"49\">7. Modifications<\/h4>\n<p data-path-to-node=\"50\">I may revise these terms of service for my website at any time without notice. By using this website, you agree to be bound by the then-current version of these terms of service.<\/p>\n<h4 data-path-to-node=\"51\">8. Governing Law<\/h4>\n<div class=\"source-inline-chip-container ng-star-inserted\">\u00a0<\/div>\n<p data-path-to-node=\"52\">These terms and conditions are governed by and construed in accordance with the laws of Brazil and you irrevocably submit to the exclusive jurisdiction of the courts in that State or location.<\/p>\n<p data-path-to-node=\"53\"><b data-path-to-node=\"53\" data-index-in-node=\"0\">Luciano Lima | CNPJ: 26.951.029\/0001-42<\/b> Contact: lucianolimadigital@gmail.com<\/p>\t\t\t\t\t\t\t\t<\/div>\n\t\t\t\t\t<\/div>\n\t\t\t\t<\/div>\n\t\t\t\t<\/div>","protected":false},"excerpt":{"rendered":"<p>Termos de Uso \u00daltima atualiza\u00e7\u00e3o: 2026 1. Termos Ao acessar o site lucianolimadigital.com, voc\u00ea concorda em cumprir estes termos de servi\u00e7o, todas as leis e regulamentos aplic\u00e1veis e concorda que \u00e9 respons\u00e1vel pelo cumprimento de todas as leis locais aplic\u00e1veis. Se voc\u00ea n\u00e3o concordar com algum desses termos, est\u00e1 proibido de usar ou acessar este site. Os materiais contidos neste site s\u00e3o protegidos pelas leis de direitos autorais e marcas comerciais aplic\u00e1veis. 2. Uso de Licen\u00e7a \u00c9 concedida permiss\u00e3o para baixar temporariamente uma c\u00f3pia dos materiais (informa\u00e7\u00f5es ou software) no site Luciano Lima Digital, apenas para visualiza\u00e7\u00e3o transit\u00f3ria pessoal e n\u00e3o comercial. Esta \u00e9 a concess\u00e3o de uma licen\u00e7a, n\u00e3o uma transfer\u00eancia de t\u00edtulo e, sob esta licen\u00e7a, voc\u00ea n\u00e3o pode: Modificar ou copiar os materiais; Usar os materiais para qualquer finalidade comercial ou para exibi\u00e7\u00e3o p\u00fablica (comercial ou n\u00e3o comercial); Tentar descompilar ou fazer engenharia reversa de qualquer software contido no site Luciano Lima Digital; Remover quaisquer direitos autorais ou outras nota\u00e7\u00f5es de propriedade dos materiais; ou Transferir os materiais para outra pessoa ou &#8216;espelhar&#8217; os materiais em qualquer outro servidor. Esta licen\u00e7a ser\u00e1 automaticamente rescindida se voc\u00ea violar alguma dessas restri\u00e7\u00f5es e poder\u00e1 ser rescindida por mim, Luciano Lima, a qualquer momento. 3. Isen\u00e7\u00e3o de responsabilidade (Importante) Os materiais no site Luciano Lima Digital s\u00e3o fornecidos &#8216;como est\u00e3o&#8217;. Eu n\u00e3o ofere\u00e7o garantias, expressas ou impl\u00edcitas, e, por este meio, isento e nego todas as outras garantias, incluindo, sem limita\u00e7\u00e3o, garantias impl\u00edcitas ou condi\u00e7\u00f5es de comercializa\u00e7\u00e3o, adequa\u00e7\u00e3o a um fim espec\u00edfico ou n\u00e3o viola\u00e7\u00e3o de propriedade intelectual ou outra viola\u00e7\u00e3o de direitos. Al\u00e9m disso, n\u00e3o garanto ou fa\u00e7o qualquer representa\u00e7\u00e3o relativa \u00e0 precis\u00e3o, aos resultados prov\u00e1veis ou \u00e0 confiabilidade do uso dos materiais em meu site ou de outra forma relacionado a tais materiais ou em sites vinculados a este site. Sobre Resultados de Marketing e Consultoria: Ao contratar servi\u00e7os ou consumir conte\u00fados de Tr\u00e1fego Pago, Consultoria ou Estrat\u00e9gia Digital, o usu\u00e1rio compreende que os resultados financeiros e de performance dependem de vari\u00e1veis externas ao meu controle (como economia, qualidade do produto do cliente, atendimento e concorr\u00eancia). Eu n\u00e3o garanto lucro ou retorno financeiro espec\u00edfico. 4. Limita\u00e7\u00f5es Em nenhum caso o Luciano Lima Digital ou seus fornecedores ser\u00e3o respons\u00e1veis por quaisquer danos (incluindo, sem limita\u00e7\u00e3o, danos por perda de dados ou lucro ou devido a interrup\u00e7\u00e3o dos neg\u00f3cios) decorrentes do uso ou da incapacidade de usar os materiais em Luciano Lima Digital, mesmo que eu ou um representante autorizado tenhamos sido notificados oralmente ou por escrito da possibilidade de tais danos. 5. Precis\u00e3o dos materiais Os materiais exibidos no site Luciano Lima Digital podem incluir erros t\u00e9cnicos, tipogr\u00e1ficos ou fotogr\u00e1ficos. N\u00e3o garanto que qualquer material em meu site seja preciso, completo ou atual. Posso fazer altera\u00e7\u00f5es nos materiais contidos em meu site a qualquer momento, sem aviso pr\u00e9vio. No entanto, n\u00e3o me comprometo a atualizar os materiais constantemente. 6. Links Eu n\u00e3o analisei todos os sites vinculados ao meu site e n\u00e3o sou respons\u00e1vel pelo conte\u00fado de nenhum site vinculado. A inclus\u00e3o de qualquer link n\u00e3o implica meu endosso ao site. O uso de qualquer site vinculado \u00e9 por conta e risco do usu\u00e1rio. 7. Modifica\u00e7\u00f5es Posso revisar estes termos de servi\u00e7o do site a qualquer momento, sem aviso pr\u00e9vio. Ao usar este site, voc\u00ea concorda em ficar vinculado \u00e0 vers\u00e3o atual desses termos de servi\u00e7o. 8. Lei aplic\u00e1vel \u00a0 Estes termos e condi\u00e7\u00f5es s\u00e3o regidos e interpretados de acordo com as leis do Brasil e voc\u00ea se submete irrevogavelmente \u00e0 jurisdi\u00e7\u00e3o exclusiva dos tribunais naquele estado ou localidade. Luciano Lima | CNPJ: 26.951.029\/0001-42 Contato: lucianolimadigital@gmail.com<\/p>","protected":false},"author":1,"featured_media":0,"parent":0,"menu_order":0,"comment_status":"closed","ping_status":"closed","template":"","meta":{"_uag_custom_page_level_css":"","site-sidebar-layout":"default","site-content-layout":"","ast-site-content-layout":"default","site-content-style":"default","site-sidebar-style":"default","ast-global-header-display":"","ast-banner-title-visibility":"","ast-main-header-display":"","ast-hfb-above-header-display":"","ast-hfb-below-header-display":"","ast-hfb-mobile-header-display":"","site-post-title":"","ast-breadcrumbs-content":"","ast-featured-img":"","footer-sml-layout":"","ast-disable-related-posts":"","theme-transparent-header-meta":"","adv-header-id-meta":"","stick-header-meta":"","header-above-stick-meta":"","header-main-stick-meta":"","header-below-stick-meta":"","astra-migrate-meta-layouts":"default","ast-page-background-enabled":"default","ast-page-background-meta":{"desktop":{"background-color":"var(--ast-global-color-5)","background-image":"","background-repeat":"repeat","background-position":"center center","background-size":"auto","background-attachment":"scroll","background-type":"","background-media":"","overlay-type":"","overlay-color":"","overlay-opacity":"","overlay-gradient":""},"tablet":{"background-color":"","background-image":"","background-repeat":"repeat","background-position":"center center","background-size":"auto","background-attachment":"scroll","background-type":"","background-media":"","overlay-type":"","overlay-color":"","overlay-opacity":"","overlay-gradient":""},"mobile":{"background-color":"","background-image":"","background-repeat":"repeat","background-position":"center center","background-size":"auto","background-attachment":"scroll","background-type":"","background-media":"","overlay-type":"","overlay-color":"","overlay-opacity":"","overlay-gradient":""}},"ast-content-background-meta":{"desktop":{"background-color":"var(--ast-global-color-4)","background-image":"","background-repeat":"repeat","background-position":"center center","background-size":"auto","background-attachment":"scroll","background-type":"","background-media":"","overlay-type":"","overlay-color":"","overlay-opacity":"","overlay-gradient":""},"tablet":{"background-color":"var(--ast-global-color-4)","background-image":"","background-repeat":"repeat","background-position":"center center","background-size":"auto","background-attachment":"scroll","background-type":"","background-media":"","overlay-type":"","overlay-color":"","overlay-opacity":"","overlay-gradient":""},"mobile":{"background-color":"var(--ast-global-color-4)","background-image":"","background-repeat":"repeat","background-position":"center center","background-size":"auto","background-attachment":"scroll","background-type":"","background-media":"","overlay-type":"","overlay-color":"","overlay-opacity":"","overlay-gradient":""}},"footnotes":""},"folder":[20],"class_list":["post-2732","page","type-page","status-publish","hentry"],"aioseo_notices":[],"_hostinger_reach_plugin_has_subscription_block":false,"_hostinger_reach_plugin_is_elementor":false,"uagb_featured_image_src":{"full":false,"thumbnail":false,"medium":false,"medium_large":false,"large":false,"1536x1536":false,"2048x2048":false,"trp-custom-language-flag":false},"uagb_author_info":{"display_name":"SEM RU\u00cdDO","author_link":"https:\/\/lucianolimadigital.com\/en\/author\/luciano-mdigitalhotmail-com\/"},"uagb_comment_info":0,"uagb_excerpt":"Termos de Uso \u00daltima atualiza\u00e7\u00e3o: 2026 1. Termos Ao acessar o site lucianolimadigital.com, voc\u00ea concorda em cumprir estes termos de servi\u00e7o, todas as leis e regulamentos aplic\u00e1veis e concorda que \u00e9 respons\u00e1vel pelo cumprimento de todas as leis locais aplic\u00e1veis. Se voc\u00ea n\u00e3o concordar com algum desses termos, est\u00e1 proibido de usar ou acessar este&hellip;","_links":{"self":[{"href":"https:\/\/lucianolimadigital.com\/en\/wp-json\/wp\/v2\/pages\/2732","targetHints":{"allow":["GET"]}}],"collection":[{"href":"https:\/\/lucianolimadigital.com\/en\/wp-json\/wp\/v2\/pages"}],"about":[{"href":"https:\/\/lucianolimadigital.com\/en\/wp-json\/wp\/v2\/types\/page"}],"author":[{"embeddable":true,"href":"https:\/\/lucianolimadigital.com\/en\/wp-json\/wp\/v2\/users\/1"}],"replies":[{"embeddable":true,"href":"https:\/\/lucianolimadigital.com\/en\/wp-json\/wp\/v2\/comments?post=2732"}],"version-history":[{"count":10,"href":"https:\/\/lucianolimadigital.com\/en\/wp-json\/wp\/v2\/pages\/2732\/revisions"}],"predecessor-version":[{"id":3255,"href":"https:\/\/lucianolimadigital.com\/en\/wp-json\/wp\/v2\/pages\/2732\/revisions\/3255"}],"wp:attachment":[{"href":"https:\/\/lucianolimadigital.com\/en\/wp-json\/wp\/v2\/media?parent=2732"}],"wp:term":[{"taxonomy":"folder","embeddable":true,"href":"https:\/\/lucianolimadigital.com\/en\/wp-json\/wp\/v2\/folder?post=2732"}],"curies":[{"name":"wp","href":"https:\/\/api.w.org\/{rel}","templated":true}]}}